{"id":14536,"date":"2025-04-04T17:21:13","date_gmt":"2025-04-04T15:21:13","guid":{"rendered":"https:\/\/www.hotel-la-clef-des-chateaux.fr\/?page_id=14536"},"modified":"2025-04-04T17:27:16","modified_gmt":"2025-04-04T15:27:16","slug":"actualites","status":"publish","type":"page","link":"https:\/\/www.hotel-la-clef-des-chateaux.fr\/fr\/actualites\/","title":{"rendered":"Actualit\u00e9s"},"content":{"rendered":"\t\t<div data-elementor-type=\"wp-page\" data-elementor-id=\"14536\" class=\"elementor elementor-14536\" data-elementor-post-type=\"page\">\n\t\t\t\t\t\t<section data-dce-background-overlay-color=\"#000000\" class=\"elementor-section elementor-top-section elementor-element elementor-element-9060cf4 elementor-section-height-min-height elementor-section-boxed elementor-section-height-default elementor-section-items-middle\" data-id=\"9060cf4\" data-element_type=\"section\" data-e-type=\"section\" data-settings=\"{&quot;background_background&quot;:&quot;classic&quot;}\">\n\t\t\t\t\t\t\t<div class=\" elementor-background-overlay lazyelementorbackgroundimages \"><\/div>\n\t\t\t\t\t\t\t<div class=\"elementor-container elementor-column-gap-default\">\n\t\t\t\t\t<div class=\"elementor-column elementor-col-100 elementor-top-column elementor-element elementor-element-17fb0c8\" data-id=\"17fb0c8\" data-element_type=\"column\" data-e-type=\"column\">\n\t\t\t<div class=\"elementor-widget-wrap elementor-element-populated\">\n\t\t\t\t\t\t\t<\/div>\n\t\t<\/div>\n\t\t\t\t\t<\/div>\n\t\t<\/section>\n\t\t\t\t<section class=\"elementor-section elementor-top-section elementor-element elementor-element-5c6edb6 elementor-section-boxed elementor-section-height-default elementor-section-height-default\" data-id=\"5c6edb6\" data-element_type=\"section\" data-e-type=\"section\">\n\t\t\t\t\t\t<div class=\"elementor-container elementor-column-gap-default\">\n\t\t\t\t\t<div class=\"elementor-column elementor-col-100 elementor-top-column elementor-element elementor-element-2549812\" data-id=\"2549812\" data-element_type=\"column\" data-e-type=\"column\">\n\t\t\t<div class=\"elementor-widget-wrap elementor-element-populated\">\n\t\t\t\t\t\t<div class=\"elementor-element elementor-element-13746ed elementor-grid-1 elementor-grid-tablet-1 elementor-posts--thumbnail-top elementor-grid-mobile-1 elementor-widget elementor-widget-posts\" data-id=\"13746ed\" data-element_type=\"widget\" data-e-type=\"widget\" data-settings=\"{&quot;custom_alternating_templates&quot;:&quot;yes&quot;,&quot;custom_columns&quot;:&quot;1&quot;,&quot;custom_row_gap&quot;:{&quot;unit&quot;:&quot;px&quot;,&quot;size&quot;:0,&quot;sizes&quot;:[]},&quot;custom_columns_tablet&quot;:&quot;1&quot;,&quot;custom_columns_mobile&quot;:&quot;1&quot;,&quot;custom_row_gap_widescreen&quot;:{&quot;unit&quot;:&quot;px&quot;,&quot;size&quot;:&quot;&quot;,&quot;sizes&quot;:[]},&quot;custom_row_gap_laptop&quot;:{&quot;unit&quot;:&quot;px&quot;,&quot;size&quot;:&quot;&quot;,&quot;sizes&quot;:[]},&quot;custom_row_gap_tablet&quot;:{&quot;unit&quot;:&quot;px&quot;,&quot;size&quot;:&quot;&quot;,&quot;sizes&quot;:[]},&quot;custom_row_gap_mobile&quot;:{&quot;unit&quot;:&quot;px&quot;,&quot;size&quot;:&quot;&quot;,&quot;sizes&quot;:[]}}\" data-widget_type=\"posts.custom\">\n\t\t\t\t<div class=\"elementor-widget-container\">\n\t\t\t\t\t      <div class=\"ecs-posts elementor-posts-container elementor-posts   elementor-grid elementor-posts--skin-custom\" data-settings=\"{&quot;current_page&quot;:1,&quot;max_num_pages&quot;:1,&quot;load_method&quot;:&quot;&quot;,&quot;widget_id&quot;:&quot;13746ed&quot;,&quot;post_id&quot;:14536,&quot;theme_id&quot;:14536,&quot;change_url&quot;:false,&quot;reinit_js&quot;:false}\">\n      \t\t<article id=\"post-14491\" class=\"elementor-post elementor-grid-item ecs-post-loop post-14491 post type-post status-publish format-standard has-post-thumbnail hentry category-blog\">\n\t\t\t\t<div data-elementor-type=\"loop\" data-elementor-id=\"14538\" class=\"elementor elementor-14538 post-14491 post type-post status-publish format-standard has-post-thumbnail hentry category-blog\" data-elementor-post-type=\"elementor_library\">\n\t\t\t\t\t<section class=\"elementor-section elementor-top-section elementor-element elementor-element-2ff056d elementor-section-content-middle elementor-section-boxed elementor-section-height-default elementor-section-height-default\" data-id=\"2ff056d\" data-element_type=\"section\" data-e-type=\"section\">\n\t\t\t\t\t\t<div class=\"elementor-container elementor-column-gap-default\">\n\t\t\t\t\t<div data-dce-background-color=\"#FAF5F0\" class=\"elementor-column elementor-col-50 elementor-top-column elementor-element elementor-element-8335200\" data-id=\"8335200\" data-element_type=\"column\" data-e-type=\"column\" data-settings=\"{&quot;background_background&quot;:&quot;classic&quot;}\">\n\t\t\t<div class=\"elementor-widget-wrap elementor-element-populated\">\n\t\t\t\t\t\t<div class=\"elementor-element elementor-element-cce5c85 elementor-widget elementor-widget-heading\" data-id=\"cce5c85\" data-element_type=\"widget\" data-e-type=\"widget\" data-widget_type=\"heading.default\">\n\t\t\t\t<div class=\"elementor-widget-container\">\n\t\t\t\t\t<h2 class=\"elementor-heading-title elementor-size-default\">H\u00f4tel Proche de Blois : D\u00e9couvrez La Clef des Ch\u00e2teaux pour un S\u00e9jour Inoubliable<\/h2>\t\t\t\t<\/div>\n\t\t\t\t<\/div>\n\t\t\t\t<div class=\"elementor-element elementor-element-a050a01 elementor-widget elementor-widget-text-editor\" data-id=\"a050a01\" data-element_type=\"widget\" data-e-type=\"widget\" data-widget_type=\"text-editor.default\">\n\t\t\t\t<div class=\"elementor-widget-container\">\n\t\t\t\t\t\t\t\t\t<p>Situ\u00e9 \u00e0 quelques minutes de Blois, l&rsquo;h\u00f4tel La Clef des Ch\u00e2teaux est l&rsquo;adresse id\u00e9ale pour les voyageurs en qu\u00eate de confort,&#8230;\t\t\t\t\t\t\t\t<\/div>\n\t\t\t\t<\/div>\n\t\t\t\t<div data-dce-background-color=\"#918789\" class=\"elementor-element elementor-element-11b0a0f elementor-widget elementor-widget-button\" data-id=\"11b0a0f\" data-element_type=\"widget\" data-e-type=\"widget\" data-widget_type=\"button.default\">\n\t\t\t\t<div class=\"elementor-widget-container\">\n\t\t\t\t\t\t\t\t\t<div class=\"elementor-button-wrapper\">\n\t\t\t\t\t<a class=\"elementor-button elementor-button-link elementor-size-sm\" href=\"https:\/\/www.hotel-la-clef-des-chateaux.fr\/fr\/hotel-proche-blois\/\">\n\t\t\t\t\t\t<span class=\"elementor-button-content-wrapper\">\n\t\t\t\t\t\t<span class=\"elementor-button-icon\">\n\t\t\t\t<i aria-hidden=\"true\" class=\"icon icon-arrow-right\"><\/i>\t\t\t<\/span>\n\t\t\t\t\t\t\t\t\t<span class=\"elementor-button-text\">En savoir plus<\/span>\n\t\t\t\t\t<\/span>\n\t\t\t\t\t<\/a>\n\t\t\t\t<\/div>\n\t\t\t\t\t\t\t\t<\/div>\n\t\t\t\t<\/div>\n\t\t\t\t\t<\/div>\n\t\t<\/div>\n\t\t\t\t<div class=\"elementor-column elementor-col-50 elementor-top-column elementor-element elementor-element-f982389\" data-id=\"f982389\" data-element_type=\"column\" data-e-type=\"column\">\n\t\t\t<div class=\"elementor-widget-wrap elementor-element-populated\">\n\t\t\t\t\t\t<div class=\"elementor-element elementor-element-d95ee66 elementor-widget elementor-widget-image\" data-id=\"d95ee66\" data-element_type=\"widget\" data-e-type=\"widget\" data-widget_type=\"image.default\">\n\t\t\t\t<div class=\"elementor-widget-container\">\n\t\t\t\t\t\t\t\t\t\t\t\t\t\t\t\t<a href=\"https:\/\/www.hotel-la-clef-des-chateaux.fr\/fr\/hotel-proche-blois\/\">\n\t\t\t\t\t\t\t<img fetchpriority=\"high\" decoding=\"async\" width=\"1800\" height=\"944\" src=\"https:\/\/www.hotel-la-clef-des-chateaux.fr\/wp-content\/uploads\/photos\/restaurant-bar\/cropped-restaurant-1519-maslives-chambord-017.jpg\" class=\"elementor-animation-grow attachment-full size-full wp-image-9756\" alt=\"Le Restaurant 1519 \u00e0 Maslives, proche Blois, service midi et soir - diner ch\u00e2teau de Blois\" srcset=\"https:\/\/www.hotel-la-clef-des-chateaux.fr\/wp-content\/uploads\/photos\/restaurant-bar\/cropped-restaurant-1519-maslives-chambord-017.jpg 1800w, https:\/\/www.hotel-la-clef-des-chateaux.fr\/wp-content\/uploads\/photos\/restaurant-bar\/cropped-restaurant-1519-maslives-chambord-017-300x157.jpg 300w, https:\/\/www.hotel-la-clef-des-chateaux.fr\/wp-content\/uploads\/photos\/restaurant-bar\/cropped-restaurant-1519-maslives-chambord-017-1024x537.jpg 1024w, https:\/\/www.hotel-la-clef-des-chateaux.fr\/wp-content\/uploads\/photos\/restaurant-bar\/cropped-restaurant-1519-maslives-chambord-017-768x403.jpg 768w, https:\/\/www.hotel-la-clef-des-chateaux.fr\/wp-content\/uploads\/photos\/restaurant-bar\/cropped-restaurant-1519-maslives-chambord-017-1536x806.jpg 1536w\" sizes=\"(max-width: 1800px) 100vw, 1800px\" \/>\t\t\t\t\t\t\t\t<\/a>\n\t\t\t\t\t\t\t\t\t\t\t\t\t\t\t<\/div>\n\t\t\t\t<\/div>\n\t\t\t\t\t<\/div>\n\t\t<\/div>\n\t\t\t\t\t<\/div>\n\t\t<\/section>\n\t\t\t\t<\/div>\n\t\t\t\t<\/article>\n\t\t\t\t<\/div>\n\t\t\t\t\t\t<\/div>\n\t\t\t\t<\/div>\n\t\t\t\t\t<\/div>\n\t\t<\/div>\n\t\t\t\t\t<\/div>\n\t\t<\/section>\n\t\t\t\t<\/div>\n\t\t","protected":false},"excerpt":{"rendered":"","protected":false},"author":8,"featured_media":0,"parent":0,"menu_order":0,"comment_status":"closed","ping_status":"closed","template":"","meta":{"_acf_changed":false,"footnotes":""},"class_list":["post-14536","page","type-page","status-publish","hentry"],"acf":[],"_links":{"self":[{"href":"https:\/\/www.hotel-la-clef-des-chateaux.fr\/fr\/wp-json\/wp\/v2\/pages\/14536","targetHints":{"allow":["GET"]}}],"collection":[{"href":"https:\/\/www.hotel-la-clef-des-chateaux.fr\/fr\/wp-json\/wp\/v2\/pages"}],"about":[{"href":"https:\/\/www.hotel-la-clef-des-chateaux.fr\/fr\/wp-json\/wp\/v2\/types\/page"}],"author":[{"embeddable":true,"href":"https:\/\/www.hotel-la-clef-des-chateaux.fr\/fr\/wp-json\/wp\/v2\/users\/8"}],"replies":[{"embeddable":true,"href":"https:\/\/www.hotel-la-clef-des-chateaux.fr\/fr\/wp-json\/wp\/v2\/comments?post=14536"}],"version-history":[{"count":7,"href":"https:\/\/www.hotel-la-clef-des-chateaux.fr\/fr\/wp-json\/wp\/v2\/pages\/14536\/revisions"}],"predecessor-version":[{"id":14552,"href":"https:\/\/www.hotel-la-clef-des-chateaux.fr\/fr\/wp-json\/wp\/v2\/pages\/14536\/revisions\/14552"}],"wp:attachment":[{"href":"https:\/\/www.hotel-la-clef-des-chateaux.fr\/fr\/wp-json\/wp\/v2\/media?parent=14536"}],"curies":[{"name":"wp","href":"https:\/\/api.w.org\/{rel}","templated":true}]}}