{"id":12046,"date":"2024-01-09T17:17:32","date_gmt":"2024-01-09T16:17:32","guid":{"rendered":"https:\/\/www.hotel-la-clef-des-chateaux.fr\/?page_id=12046"},"modified":"2024-01-09T17:43:47","modified_gmt":"2024-01-09T16:43:47","slug":"nos-partenaires","status":"publish","type":"page","link":"https:\/\/www.hotel-la-clef-des-chateaux.fr\/fr\/nos-partenaires\/","title":{"rendered":"Nos partenaires"},"content":{"rendered":"\t\t<div data-elementor-type=\"wp-page\" data-elementor-id=\"12046\" class=\"elementor elementor-12046\" data-elementor-post-type=\"page\">\n\t\t\t\t\t\t<section data-dce-background-overlay-color=\"#000000\" data-dce-background-image-url=\"https:\/\/www.hotel-la-clef-des-chateaux.fr\/wp-content\/uploads\/vue-aerienne-photo-couverture-hotel-clef-des-chateaux.jpg\" class=\"elementor-section elementor-top-section elementor-element elementor-element-fdae089 elementor-section-height-min-height elementor-section-boxed elementor-section-height-default elementor-section-items-middle\" data-id=\"fdae089\" data-element_type=\"section\" data-e-type=\"section\" data-settings=\"{&quot;background_background&quot;:&quot;classic&quot;}\">\n\t\t\t\t\t\t\t<div class=\" elementor-background-overlay lazyelementorbackgroundimages \"><\/div>\n\t\t\t\t\t\t\t<div class=\"elementor-container elementor-column-gap-default\">\n\t\t\t\t\t<div class=\"elementor-column elementor-col-100 elementor-top-column elementor-element elementor-element-0f9a101\" data-id=\"0f9a101\" data-element_type=\"column\" data-e-type=\"column\">\n\t\t\t<div class=\"elementor-widget-wrap elementor-element-populated\">\n\t\t\t\t\t\t\t<\/div>\n\t\t<\/div>\n\t\t\t\t\t<\/div>\n\t\t<\/section>\n\t\t\t\t<section class=\"elementor-section elementor-top-section elementor-element elementor-element-4cf1573 elementor-section-boxed elementor-section-height-default elementor-section-height-default\" data-id=\"4cf1573\" data-element_type=\"section\" data-e-type=\"section\">\n\t\t\t\t\t\t<div class=\"elementor-container elementor-column-gap-default\">\n\t\t\t\t\t<div data-dce-background-overlay-color=\"#F0E5DB\" class=\"elementor-column elementor-col-100 elementor-top-column elementor-element elementor-element-123fb1d\" data-id=\"123fb1d\" data-element_type=\"column\" data-e-type=\"column\" data-settings=\"{&quot;background_background&quot;:&quot;classic&quot;}\">\n\t\t\t<div class=\"elementor-widget-wrap elementor-element-populated\">\n\t\t\t\t\t<div class=\" elementor-background-overlay lazyelementorbackgroundimages \"><\/div>\n\t\t\t\t\t\t<section class=\"elementor-section elementor-inner-section elementor-element elementor-element-353ff89 elementor-section-boxed elementor-section-height-default elementor-section-height-default\" data-id=\"353ff89\" data-element_type=\"section\" data-e-type=\"section\">\n\t\t\t\t\t\t\t<div class=\" elementor-background-overlay lazyelementorbackgroundimages \"><\/div>\n\t\t\t\t\t\t\t<div class=\"elementor-container elementor-column-gap-default\">\n\t\t\t\t\t<div class=\"elementor-column elementor-col-50 elementor-inner-column elementor-element elementor-element-3ad7f11\" data-id=\"3ad7f11\" data-element_type=\"column\" data-e-type=\"column\">\n\t\t\t<div class=\"elementor-widget-wrap elementor-element-populated\">\n\t\t\t\t\t\t<div class=\"elementor-element elementor-element-37f63a7 elementor-widget elementor-widget-image\" data-id=\"37f63a7\" data-element_type=\"widget\" data-e-type=\"widget\" data-widget_type=\"image.default\">\n\t\t\t\t<div class=\"elementor-widget-container\">\n\t\t\t\t\t\t\t\t\t\t\t\t\t\t\t\t<a href=\"https:\/\/le1519restaurant.fr\/fr\">\n\t\t\t\t\t\t\t<img decoding=\"async\" width=\"134\" height=\"149\" src=\"https:\/\/www.hotel-la-clef-des-chateaux.fr\/wp-content\/uploads\/nos-partenaires\/restaurant-1519.png\" class=\"attachment-large size-large wp-image-12059\" alt=\"Restaurant 1519\" \/>\t\t\t\t\t\t\t\t<\/a>\n\t\t\t\t\t\t\t\t\t\t\t\t\t\t\t<\/div>\n\t\t\t\t<\/div>\n\t\t\t\t\t<\/div>\n\t\t<\/div>\n\t\t\t\t<div class=\"elementor-column elementor-col-50 elementor-inner-column elementor-element elementor-element-369f847\" data-id=\"369f847\" data-element_type=\"column\" data-e-type=\"column\">\n\t\t\t<div class=\"elementor-widget-wrap elementor-element-populated\">\n\t\t\t\t\t\t<div class=\"elementor-element elementor-element-19da9c3 elementor-widget elementor-widget-heading\" data-id=\"19da9c3\" data-element_type=\"widget\" data-e-type=\"widget\" data-widget_type=\"heading.default\">\n\t\t\t\t<div class=\"elementor-widget-container\">\n\t\t\t\t\t<h2 class=\"elementor-heading-title elementor-size-default\">Restaurant 1519<\/h2>\t\t\t\t<\/div>\n\t\t\t\t<\/div>\n\t\t\t\t<div class=\"elementor-element elementor-element-c62f4fd elementor-widget elementor-widget-text-editor\" data-id=\"c62f4fd\" data-element_type=\"widget\" data-e-type=\"widget\" data-widget_type=\"text-editor.default\">\n\t\t\t\t<div class=\"elementor-widget-container\">\n\t\t\t\t\t\t\t\t\t<p><strong>Le restaurant de notre h\u00f4tel, la clef des ch\u00e2teaux<\/strong><br \/><br \/>D\u00e9couvrez notre restaurant traditionnel nich\u00e9 au c\u0153ur de la Sologne, pr\u00e8s de Chambord. Notre chef Thomas Lemaire sublime les saveurs locales dans une cuisine fra\u00eeche et de saison. Avec une s\u00e9lection de vins soigneusement choisie par notre ma\u00eetre d&rsquo;h\u00f4tel Teddy Lebert, nous vous offrons une exp\u00e9rience chaleureuse et conviviale. Venez vivre l&rsquo;harmonie parfaite entre authenticit\u00e9, saveurs exquises et hospitalit\u00e9.<\/p><p><a href=\"https:\/\/le1519restaurant.fr\/fr\" target=\"_blank\" rel=\"noopener\">le1519restaurant.fr<\/a><\/p>\t\t\t\t\t\t\t\t<\/div>\n\t\t\t\t<\/div>\n\t\t\t\t\t<\/div>\n\t\t<\/div>\n\t\t\t\t\t<\/div>\n\t\t<\/section>\n\t\t\t\t<div class=\"elementor-element elementor-element-6535436 elementor-widget-divider--view-line elementor-widget elementor-widget-divider\" data-id=\"6535436\" data-element_type=\"widget\" data-e-type=\"widget\" data-widget_type=\"divider.default\">\n\t\t\t\t<div class=\"elementor-widget-container\">\n\t\t\t\t\t\t\t<div class=\"elementor-divider\">\n\t\t\t<span class=\"elementor-divider-separator\">\n\t\t\t\t\t\t<\/span>\n\t\t<\/div>\n\t\t\t\t\t\t<\/div>\n\t\t\t\t<\/div>\n\t\t\t\t<section class=\"elementor-section elementor-inner-section elementor-element elementor-element-5da6e3e elementor-section-boxed elementor-section-height-default elementor-section-height-default\" data-id=\"5da6e3e\" data-element_type=\"section\" data-e-type=\"section\" data-settings=\"{&quot;background_background&quot;:&quot;classic&quot;}\">\n\t\t\t\t\t\t\t<div class=\" elementor-background-overlay lazyelementorbackgroundimages \"><\/div>\n\t\t\t\t\t\t\t<div class=\"elementor-container elementor-column-gap-default\">\n\t\t\t\t\t<div class=\"elementor-column elementor-col-50 elementor-inner-column elementor-element elementor-element-80f8ebb\" data-id=\"80f8ebb\" data-element_type=\"column\" data-e-type=\"column\">\n\t\t\t<div class=\"elementor-widget-wrap elementor-element-populated\">\n\t\t\t\t\t\t<div class=\"elementor-element elementor-element-2079a41 elementor-hidden-desktop elementor-hidden-tablet elementor-widget elementor-widget-image\" data-id=\"2079a41\" data-element_type=\"widget\" data-e-type=\"widget\" data-widget_type=\"image.default\">\n\t\t\t\t<div class=\"elementor-widget-container\">\n\t\t\t\t\t\t\t\t\t\t\t\t\t\t\t\t<a href=\"https:\/\/le1519restaurant.fr\/fr\">\n\t\t\t\t\t\t\t<img decoding=\"async\" width=\"106\" height=\"75\" src=\"https:\/\/www.hotel-la-clef-des-chateaux.fr\/wp-content\/uploads\/nos-partenaires\/la-biscuiterie-de-chambord.png\" class=\"attachment-large size-large wp-image-12047\" alt=\"\" \/>\t\t\t\t\t\t\t\t<\/a>\n\t\t\t\t\t\t\t\t\t\t\t\t\t\t\t<\/div>\n\t\t\t\t<\/div>\n\t\t\t\t<div class=\"elementor-element elementor-element-32f3f71 elementor-widget elementor-widget-heading\" data-id=\"32f3f71\" data-element_type=\"widget\" data-e-type=\"widget\" data-widget_type=\"heading.default\">\n\t\t\t\t<div class=\"elementor-widget-container\">\n\t\t\t\t\t<h2 class=\"elementor-heading-title elementor-size-default\">La Biscuiterie de Chambord<\/h2>\t\t\t\t<\/div>\n\t\t\t\t<\/div>\n\t\t\t\t<div class=\"elementor-element elementor-element-bf90001 elementor-widget elementor-widget-text-editor\" data-id=\"bf90001\" data-element_type=\"widget\" data-e-type=\"widget\" data-widget_type=\"text-editor.default\">\n\t\t\t\t<div class=\"elementor-widget-container\">\n\t\t\t\t\t\t\t\t\tLa Biscuiterie de Chambord cr\u00e9e des p\u00e2tisseries depuis 40 ans dans la ville de Maslives \u00e0 quelques m\u00e8tres de notre \u00e9tablissement. Elle propose une gamme vari\u00e9e de produits sucr\u00e9s et sal\u00e9s, et r\u00e9pondant \u00e9galement aux contraintes alimentaires de certains sans avoir \u00e0 se priver.\n<br>\n<a href=\"https:\/\/biscuiteriedechambord.fr\/ \" target=\"_blank\" rel=\"noopener\">biscuiteriedechambord.fr <\/a>\t\t\t\t\t\t\t\t<\/div>\n\t\t\t\t<\/div>\n\t\t\t\t\t<\/div>\n\t\t<\/div>\n\t\t\t\t<div class=\"elementor-column elementor-col-50 elementor-inner-column elementor-element elementor-element-645cd72 elementor-hidden-mobile\" data-id=\"645cd72\" data-element_type=\"column\" data-e-type=\"column\">\n\t\t\t<div class=\"elementor-widget-wrap elementor-element-populated\">\n\t\t\t\t\t\t<div class=\"elementor-element elementor-element-3fe5220 elementor-widget elementor-widget-image\" data-id=\"3fe5220\" data-element_type=\"widget\" data-e-type=\"widget\" data-widget_type=\"image.default\">\n\t\t\t\t<div class=\"elementor-widget-container\">\n\t\t\t\t\t\t\t\t\t\t\t\t\t\t\t\t<a href=\"https:\/\/le1519restaurant.fr\/fr\">\n\t\t\t\t\t\t\t<img decoding=\"async\" width=\"106\" height=\"75\" src=\"https:\/\/www.hotel-la-clef-des-chateaux.fr\/wp-content\/uploads\/nos-partenaires\/la-biscuiterie-de-chambord.png\" class=\"attachment-large size-large wp-image-12047\" alt=\"\" \/>\t\t\t\t\t\t\t\t<\/a>\n\t\t\t\t\t\t\t\t\t\t\t\t\t\t\t<\/div>\n\t\t\t\t<\/div>\n\t\t\t\t\t<\/div>\n\t\t<\/div>\n\t\t\t\t\t<\/div>\n\t\t<\/section>\n\t\t\t\t<div class=\"elementor-element elementor-element-1bb55d1 elementor-widget-divider--view-line elementor-widget elementor-widget-divider\" data-id=\"1bb55d1\" data-element_type=\"widget\" data-e-type=\"widget\" data-widget_type=\"divider.default\">\n\t\t\t\t<div class=\"elementor-widget-container\">\n\t\t\t\t\t\t\t<div class=\"elementor-divider\">\n\t\t\t<span class=\"elementor-divider-separator\">\n\t\t\t\t\t\t<\/span>\n\t\t<\/div>\n\t\t\t\t\t\t<\/div>\n\t\t\t\t<\/div>\n\t\t\t\t<section class=\"elementor-section elementor-inner-section elementor-element elementor-element-2629b66 elementor-section-boxed elementor-section-height-default elementor-section-height-default\" data-id=\"2629b66\" data-element_type=\"section\" data-e-type=\"section\">\n\t\t\t\t\t\t\t<div class=\" elementor-background-overlay lazyelementorbackgroundimages \"><\/div>\n\t\t\t\t\t\t\t<div class=\"elementor-container elementor-column-gap-default\">\n\t\t\t\t\t<div class=\"elementor-column elementor-col-50 elementor-inner-column elementor-element elementor-element-b0bf8cf\" data-id=\"b0bf8cf\" data-element_type=\"column\" data-e-type=\"column\">\n\t\t\t<div class=\"elementor-widget-wrap elementor-element-populated\">\n\t\t\t\t\t\t<div class=\"elementor-element elementor-element-09e702d elementor-widget elementor-widget-image\" data-id=\"09e702d\" data-element_type=\"widget\" data-e-type=\"widget\" data-widget_type=\"image.default\">\n\t\t\t\t<div class=\"elementor-widget-container\">\n\t\t\t\t\t\t\t\t\t\t\t\t\t\t\t\t<a href=\"https:\/\/le1519restaurant.fr\/fr\">\n\t\t\t\t\t\t\t<img fetchpriority=\"high\" decoding=\"async\" width=\"225\" height=\"225\" src=\"https:\/\/www.hotel-la-clef-des-chateaux.fr\/wp-content\/uploads\/nos-partenaires\/les-velos-vert.jpg\" class=\"attachment-large size-large wp-image-12051\" alt=\"Les v\u00e9los verts - Val de Loire\" srcset=\"https:\/\/www.hotel-la-clef-des-chateaux.fr\/wp-content\/uploads\/nos-partenaires\/les-velos-vert.jpg 225w, https:\/\/www.hotel-la-clef-des-chateaux.fr\/wp-content\/uploads\/nos-partenaires\/les-velos-vert-150x150.jpg 150w\" sizes=\"(max-width: 225px) 100vw, 225px\" \/>\t\t\t\t\t\t\t\t<\/a>\n\t\t\t\t\t\t\t\t\t\t\t\t\t\t\t<\/div>\n\t\t\t\t<\/div>\n\t\t\t\t\t<\/div>\n\t\t<\/div>\n\t\t\t\t<div class=\"elementor-column elementor-col-50 elementor-inner-column elementor-element elementor-element-1709a91\" data-id=\"1709a91\" data-element_type=\"column\" data-e-type=\"column\">\n\t\t\t<div class=\"elementor-widget-wrap elementor-element-populated\">\n\t\t\t\t\t\t<div class=\"elementor-element elementor-element-87e09e1 elementor-widget elementor-widget-heading\" data-id=\"87e09e1\" data-element_type=\"widget\" data-e-type=\"widget\" data-widget_type=\"heading.default\">\n\t\t\t\t<div class=\"elementor-widget-container\">\n\t\t\t\t\t<h2 class=\"elementor-heading-title elementor-size-default\">Les V\u00e9los Verts<\/h2>\t\t\t\t<\/div>\n\t\t\t\t<\/div>\n\t\t\t\t<div class=\"elementor-element elementor-element-0415a22 elementor-widget elementor-widget-text-editor\" data-id=\"0415a22\" data-element_type=\"widget\" data-e-type=\"widget\" data-widget_type=\"text-editor.default\">\n\t\t\t\t<div class=\"elementor-widget-container\">\n\t\t\t\t\t\t\t\t\t<p>Depuis plusieurs ann\u00e9es les V\u00e9los Verts vous accompagnent dans vos cylo-d\u00e9placements \u00e0 travers tout le Val de Loire.<br \/><br \/><a href=\"https:\/\/www.lesvelosverts.com\/fr\/accueil\" target=\"_blank\" rel=\"noopener\">lesvelosverts.com<\/a><\/p>\t\t\t\t\t\t\t\t<\/div>\n\t\t\t\t<\/div>\n\t\t\t\t\t<\/div>\n\t\t<\/div>\n\t\t\t\t\t<\/div>\n\t\t<\/section>\n\t\t\t\t<div class=\"elementor-element elementor-element-b69ae98 elementor-widget-divider--view-line elementor-widget elementor-widget-divider\" data-id=\"b69ae98\" data-element_type=\"widget\" data-e-type=\"widget\" data-widget_type=\"divider.default\">\n\t\t\t\t<div class=\"elementor-widget-container\">\n\t\t\t\t\t\t\t<div class=\"elementor-divider\">\n\t\t\t<span class=\"elementor-divider-separator\">\n\t\t\t\t\t\t<\/span>\n\t\t<\/div>\n\t\t\t\t\t\t<\/div>\n\t\t\t\t<\/div>\n\t\t\t\t<section class=\"elementor-section elementor-inner-section elementor-element elementor-element-0bf3e62 elementor-section-boxed elementor-section-height-default elementor-section-height-default\" data-id=\"0bf3e62\" data-element_type=\"section\" data-e-type=\"section\">\n\t\t\t\t\t\t\t<div class=\" elementor-background-overlay lazyelementorbackgroundimages \"><\/div>\n\t\t\t\t\t\t\t<div class=\"elementor-container elementor-column-gap-default\">\n\t\t\t\t\t<div class=\"elementor-column elementor-col-50 elementor-inner-column elementor-element elementor-element-7d22f65\" data-id=\"7d22f65\" data-element_type=\"column\" data-e-type=\"column\">\n\t\t\t<div class=\"elementor-widget-wrap elementor-element-populated\">\n\t\t\t\t\t\t<div class=\"elementor-element elementor-element-07106f4 elementor-hidden-desktop elementor-hidden-tablet elementor-widget elementor-widget-image\" data-id=\"07106f4\" data-element_type=\"widget\" data-e-type=\"widget\" data-widget_type=\"image.default\">\n\t\t\t\t<div class=\"elementor-widget-container\">\n\t\t\t\t\t\t\t\t\t\t\t\t\t\t\t\t<a href=\"https:\/\/le1519restaurant.fr\/fr\">\n\t\t\t\t\t\t\t<img loading=\"lazy\" decoding=\"async\" width=\"179\" height=\"151\" src=\"https:\/\/www.hotel-la-clef-des-chateaux.fr\/wp-content\/uploads\/nos-partenaires\/maison-de-la-loire.png\" class=\"attachment-large size-large wp-image-12055\" alt=\"\" \/>\t\t\t\t\t\t\t\t<\/a>\n\t\t\t\t\t\t\t\t\t\t\t\t\t\t\t<\/div>\n\t\t\t\t<\/div>\n\t\t\t\t<div class=\"elementor-element elementor-element-123a66c elementor-widget elementor-widget-heading\" data-id=\"123a66c\" data-element_type=\"widget\" data-e-type=\"widget\" data-widget_type=\"heading.default\">\n\t\t\t\t<div class=\"elementor-widget-container\">\n\t\t\t\t\t<h2 class=\"elementor-heading-title elementor-size-default\">La Maison de la Loire<\/h2>\t\t\t\t<\/div>\n\t\t\t\t<\/div>\n\t\t\t\t<div class=\"elementor-element elementor-element-d976e96 elementor-widget elementor-widget-text-editor\" data-id=\"d976e96\" data-element_type=\"widget\" data-e-type=\"widget\" data-widget_type=\"text-editor.default\">\n\t\t\t\t<div class=\"elementor-widget-container\">\n\t\t\t\t\t\t\t\t\tLa Maison de la Loire du Loir-et-Cher est une association d\u2019\u00e9ducation \u00e0 l\u2019environnement. Elle propose depuis plus de 30 ans, des activit\u00e9s de d\u00e9couverte et de sensibilisation afin de contribuer \u00e0 une meilleure connaissance de la Loire.\t\t\t\t\t\t\t\t<\/div>\n\t\t\t\t<\/div>\n\t\t\t\t\t<\/div>\n\t\t<\/div>\n\t\t\t\t<div class=\"elementor-column elementor-col-50 elementor-inner-column elementor-element elementor-element-389ef9e elementor-hidden-mobile\" data-id=\"389ef9e\" data-element_type=\"column\" data-e-type=\"column\">\n\t\t\t<div class=\"elementor-widget-wrap elementor-element-populated\">\n\t\t\t\t\t\t<div class=\"elementor-element elementor-element-bdba3eb elementor-widget elementor-widget-image\" data-id=\"bdba3eb\" data-element_type=\"widget\" data-e-type=\"widget\" data-widget_type=\"image.default\">\n\t\t\t\t<div class=\"elementor-widget-container\">\n\t\t\t\t\t\t\t\t\t\t\t\t\t\t\t\t<a href=\"https:\/\/le1519restaurant.fr\/fr\">\n\t\t\t\t\t\t\t<img loading=\"lazy\" decoding=\"async\" width=\"179\" height=\"151\" src=\"https:\/\/www.hotel-la-clef-des-chateaux.fr\/wp-content\/uploads\/nos-partenaires\/maison-de-la-loire.png\" class=\"attachment-large size-large wp-image-12055\" alt=\"\" \/>\t\t\t\t\t\t\t\t<\/a>\n\t\t\t\t\t\t\t\t\t\t\t\t\t\t\t<\/div>\n\t\t\t\t<\/div>\n\t\t\t\t\t<\/div>\n\t\t<\/div>\n\t\t\t\t\t<\/div>\n\t\t<\/section>\n\t\t\t\t\t<\/div>\n\t\t<\/div>\n\t\t\t\t\t<\/div>\n\t\t<\/section>\n\t\t\t\t<\/div>\n\t\t","protected":false},"excerpt":{"rendered":"<p>Restaurant 1519 Le restaurant de notre h\u00f4tel, la clef des ch\u00e2teaux D\u00e9couvrez notre restaurant traditionnel nich\u00e9 au c\u0153ur de la Sologne, pr\u00e8s de Chambord. Notre chef Thomas Lemaire sublime les saveurs locales dans une cuisine fra\u00eeche et de saison. Avec une s\u00e9lection de vins soigneusement choisie par notre ma\u00eetre d&rsquo;h\u00f4tel Teddy Lebert, nous vous offrons [&hellip;]<\/p>\n","protected":false},"author":3,"featured_media":0,"parent":0,"menu_order":0,"comment_status":"closed","ping_status":"closed","template":"","meta":{"_acf_changed":false,"footnotes":""},"class_list":["post-12046","page","type-page","status-publish","hentry"],"acf":[],"_links":{"self":[{"href":"https:\/\/www.hotel-la-clef-des-chateaux.fr\/fr\/wp-json\/wp\/v2\/pages\/12046","targetHints":{"allow":["GET"]}}],"collection":[{"href":"https:\/\/www.hotel-la-clef-des-chateaux.fr\/fr\/wp-json\/wp\/v2\/pages"}],"about":[{"href":"https:\/\/www.hotel-la-clef-des-chateaux.fr\/fr\/wp-json\/wp\/v2\/types\/page"}],"author":[{"embeddable":true,"href":"https:\/\/www.hotel-la-clef-des-chateaux.fr\/fr\/wp-json\/wp\/v2\/users\/3"}],"replies":[{"embeddable":true,"href":"https:\/\/www.hotel-la-clef-des-chateaux.fr\/fr\/wp-json\/wp\/v2\/comments?post=12046"}],"version-history":[{"count":0,"href":"https:\/\/www.hotel-la-clef-des-chateaux.fr\/fr\/wp-json\/wp\/v2\/pages\/12046\/revisions"}],"wp:attachment":[{"href":"https:\/\/www.hotel-la-clef-des-chateaux.fr\/fr\/wp-json\/wp\/v2\/media?parent=12046"}],"curies":[{"name":"wp","href":"https:\/\/api.w.org\/{rel}","templated":true}]}}